{"id":75,"date":"2020-09-14T20:09:33","date_gmt":"2020-09-14T20:09:33","guid":{"rendered":"https:\/\/fit-training.ch\/?page_id=75"},"modified":"2024-07-03T11:31:48","modified_gmt":"2024-07-03T11:31:48","slug":"ueber-mich","status":"publish","type":"page","link":"https:\/\/fit-training.ch\/index.php\/about\/ueber-mich\/","title":{"rendered":"\u00dcber mich"},"content":{"rendered":"<h3>Portrait<\/h3>\n<p><img loading=\"lazy\" class=\"alignnone size-medium wp-image-179\" src=\"https:\/\/fit-training.ch\/wp-content\/uploads\/2020\/11\/DF9069B4-C47A-4584-A8EF-0114CA86E9F2-225x300.jpeg\" alt=\"\" width=\"225\" height=\"300\" srcset=\"https:\/\/fit-training.ch\/wp-content\/uploads\/2020\/11\/DF9069B4-C47A-4584-A8EF-0114CA86E9F2-225x300.jpeg 225w, https:\/\/fit-training.ch\/wp-content\/uploads\/2020\/11\/DF9069B4-C47A-4584-A8EF-0114CA86E9F2.jpeg 450w\" sizes=\"(max-width: 225px) 100vw, 225px\" \/><\/p>\n<p>Mein Name ist Jsabelle Blattmann-Willi. Ich bin 1966 in Basel geboren und in M\u00fcnchenstein aufgewachsen. Nach meiner Schulzeit habe ich eine Lehre als kaufm\u00e4nnische Angestellte absolviert.<\/p>\n<p>1990 schloss ich meine zweite Ausbildung zur dipl. Gymnastik-P\u00e4dagogin erfolgreich ab.<br \/>\nIm Jahre 2005 habe ich mich mit der Einzelfirma &#8222;Fit-Training&#8220; selbstst\u00e4ndig gemacht.<\/p>\n<p>Ich biete Kurse in Aqua-Fit, Fitness-Gymnastik, Nordic Walking und XCO Walking\/-Running an. Zudem stehe ich auch als Personal Trainerin zur Verf\u00fcgung.<\/p>\n<h3>Ausbildungen<\/h3>\n<ul>\n<li>April 1989 &#8211; April 1990: Ausbildung dipl. Gymnastiklehrerin Gymnastikberufsschule Limmathaus Z\u00fcrich<\/li>\n<li>M\u00e4rz\/April 2005: Ausbildung dipl. Aqua-Fit Instruktorin Ryffel Running Leukerbad<\/li>\n<li>April 2005: Ausbildung Nordic Walking Instruktorin<br \/>\nesa Erwachsenensport Schweiz, Sportamt Baselland<\/li>\n<li>Juni 2008: Ausbildung dipl. XCO-Walking Instruktorin<br \/>\nRyffel Running Uster<\/li>\n<li>April 2010: Ausbildung dipl. Masai-Walking Trainerin<br \/>\nMasai Walking Roggenwil<\/li>\n<li>Juli 2010: Ausbildung dipl. XCO-Running Instruktorin<br \/>\nRyffel Running Uster<\/p>\n<h3>Weiterbildungen<\/h3>\n<\/li>\n<li>September 1993: Fitness\/Step Klubschule Migros Olten<\/li>\n<li>M\u00e4rz 1995: Workshop Step-Aerobic\/ Mixed Impact, Gymnastikberufsschule Limmathaus Z\u00fcrich<\/li>\n<li>Februar 2004: Aqua-Body-Modul, Aquademie Z\u00fcrich<\/li>\n<li>Oktober 2004: Atem\u00fcbungen f\u00fcr jeden Tag, Well Netz Felicia de Roche Basel<\/li>\n<li>Oktober 2006: Aqua-Fit, gezieltes Ausdauer-Krafttraining mit hoher Bewegungsqualit\u00e4t, Ryffel Running Sursee<\/li>\n<li>April 2007: Aqua-Fit Fresh up, Ryffel Running Greifensee<\/li>\n<li>April 2007: Aqua-Fit Wasserspiele, Sportamt BL<\/li>\n<li>November 2007: Life Kinetik, Universit\u00e4tssport Basel<\/li>\n<li>M\u00e4rz 2008: Fitness- und Konditionstraining, Sportamt Baselland<\/li>\n<li>April 2008: Dance Aerobic, Sportamt Baselland<\/li>\n<li>August 2008: Aufw\u00e4rmformen mit Musik und Handger\u00e4ten, Sportamt Baselland<\/li>\n<li>November 2008: Workshop Body Toning Variations, Universit\u00e4tssport Basel<\/li>\n<li>M\u00e4rz 2009: Aqua Tools Unterrichtsmethoden, Aquademie<\/li>\n<li>Oktober 2009: Aqua-Flex-Appeal, Aquademie Z\u00fcrich<\/li>\n<li>M\u00e4rz 2010: Aquademia 001, Aquademie Z\u00fcrich-Affoltern<\/li>\n<li>November 2010: Aqua-Fit R\u00fcckenschmerzen Kerenzerberg, Ryffel Running<\/li>\n<li>November 2010: Aqua-Fit im Leistungssport Kerenzerberg, Ryffel Running<\/li>\n<li>Januar 2011: Aquademia 002, Aquademie Z\u00fcrich-Affoltern<\/li>\n<li>Mai 2011: Aqua-Kick-Boxen, Aquademie Z\u00fcrich-Affoltern<\/li>\n<li>Januar 2012: Aquademia 003, Aquademie Z\u00fcrich-Affoltern<\/li>\n<li>M\u00e4rz 2012: Aqua-Americana, Aquademie Z\u00fcrich-Affoltern<\/li>\n<li>August 2012: Aquipment Ger\u00e4te f\u00fcr Fortgeschr., Aquademie<\/li>\n<li>September 2012: Aquativity Tour Z\u00fcrich Masterclass-Power, Aqua-Team K\u00f6ln<\/li>\n<li>April 2013: Balance und Koordination, Sportamt Baselland<\/li>\n<li>Mai 2013: 17. European Aquatic Convention, Aqua Team Karlsruhe<\/li>\n<li>Oktober 2013: Aquademia 004, Aquademie Bern-G\u00fcmlingen<\/li>\n<li>Januar 2014: Aquademia 005, Aquademie Z\u00fcrich-Affoltern<\/li>\n<li>M\u00e4rz 2014: Aquafit Schwerpunkt R\u00fccken in Kombination mit Ausdauertraining, pro senecute beider Basel<\/li>\n<li>September 2014: Aquativity Tour Z\u00fcrich Masterclass-Power, Aqua-Team K\u00f6ln<\/li>\n<li>November 2015: Fortbildungskurs Aqua-Varianten, pro senecute beider Basel<\/li>\n<li>September 2016: 1. Ostschweizer Aqua Kongress, IGP Sportpark Bergholz<\/li>\n<li>Mai 2017: Bodyweight &#8211; Trainieren mit dem eigenen K\u00f6rpergewicht, Sportamt Baselland<\/li>\n<li>M\u00e4rz 2018: Westliche und chinesische Ern\u00e4hrungsempfehlung, AcuMax Z\u00fcrich<\/li>\n<li>September 2019: 2. Ostschweizer Aqua Kongress, IGP Sportpark Bergholz<\/li>\n<li>Oktober 2019: Yoga Weiterbildung, BKSD Sportamt Baselland<\/li>\n<li>Juni 2022: Women Sport Evasion Lausanne<\/li>\n<li>November 2022: Universit\u00e4tssport, Yoga Workshop Twists<\/li>\n<li>Mai 2023: SVKT Bewegungsevent H\u00fcnenberg<\/li>\n<li>Juni 2023: Women Sport Evasion Lausanne<\/li>\n<li>September 2023: Ostschweizer Aqua Kongress<\/li>\n<li>November 2023: Universit\u00e4tssport, Yoga Workshop H\u00fcft\u00f6ffner<\/li>\n<\/ul>\n","protected":false},"excerpt":{"rendered":"<p>Portrait Mein Name ist Jsabelle Blattmann-Willi. Ich bin 1966 in Basel geboren und in M\u00fcnchenstein aufgewachsen. Nach meiner Schulzeit habe&hellip;<\/p>\n","protected":false},"author":1,"featured_media":0,"parent":73,"menu_order":0,"comment_status":"closed","ping_status":"closed","template":"","meta":[],"yoast_head":"<!-- This site is optimized with the Yoast SEO plugin v17.1 - https:\/\/yoast.com\/wordpress\/plugins\/seo\/ -->\r\n<title>\u00dcber mich - Fit-Training<\/title>\r\n<meta name=\"robots\" content=\"index, follow, max-snippet:-1, max-image-preview:large, max-video-preview:-1\" \/>\r\n<link rel=\"canonical\" href=\"https:\/\/fit-training.ch\/index.php\/about\/ueber-mich\/\" \/>\r\n<meta property=\"og:locale\" content=\"de_DE\" \/>\r\n<meta property=\"og:type\" content=\"article\" \/>\r\n<meta property=\"og:title\" content=\"\u00dcber mich - Fit-Training\" \/>\r\n<meta property=\"og:description\" content=\"Portrait Mein Name ist Jsabelle Blattmann-Willi. Ich bin 1966 in Basel geboren und in M\u00fcnchenstein aufgewachsen. Nach meiner Schulzeit habe&hellip;\" \/>\r\n<meta property=\"og:url\" content=\"https:\/\/fit-training.ch\/index.php\/about\/ueber-mich\/\" \/>\r\n<meta property=\"og:site_name\" content=\"Fit-Training\" \/>\r\n<meta property=\"article:modified_time\" content=\"2024-07-03T11:31:48+00:00\" \/>\r\n<meta property=\"og:image\" content=\"https:\/\/fit-training.ch\/wp-content\/uploads\/2020\/11\/DF9069B4-C47A-4584-A8EF-0114CA86E9F2-225x300.jpeg\" \/>\r\n<meta name=\"twitter:card\" content=\"summary_large_image\" \/>\r\n<meta name=\"twitter:label1\" content=\"Gesch\u00e4tzte Lesezeit\" \/>\n\t<meta name=\"twitter:data1\" content=\"2\u00a0Minuten\" \/>\r\n<script type=\"application\/ld+json\" class=\"yoast-schema-graph\">{\"@context\":\"https:\/\/schema.org\",\"@graph\":[{\"@type\":\"WebSite\",\"@id\":\"https:\/\/fit-training.ch\/#website\",\"url\":\"https:\/\/fit-training.ch\/\",\"name\":\"Fit-Training\",\"description\":\"von Jsabelle Blattmann\",\"potentialAction\":[{\"@type\":\"SearchAction\",\"target\":{\"@type\":\"EntryPoint\",\"urlTemplate\":\"https:\/\/fit-training.ch\/?s={search_term_string}\"},\"query-input\":\"required name=search_term_string\"}],\"inLanguage\":\"de\"},{\"@type\":\"ImageObject\",\"@id\":\"https:\/\/fit-training.ch\/index.php\/about\/ueber-mich\/#primaryimage\",\"inLanguage\":\"de\",\"url\":\"https:\/\/fit-training.ch\/wp-content\/uploads\/2020\/11\/DF9069B4-C47A-4584-A8EF-0114CA86E9F2.jpeg\",\"contentUrl\":\"https:\/\/fit-training.ch\/wp-content\/uploads\/2020\/11\/DF9069B4-C47A-4584-A8EF-0114CA86E9F2.jpeg\",\"width\":450,\"height\":600},{\"@type\":\"WebPage\",\"@id\":\"https:\/\/fit-training.ch\/index.php\/about\/ueber-mich\/#webpage\",\"url\":\"https:\/\/fit-training.ch\/index.php\/about\/ueber-mich\/\",\"name\":\"\\u00dcber mich - Fit-Training\",\"isPartOf\":{\"@id\":\"https:\/\/fit-training.ch\/#website\"},\"primaryImageOfPage\":{\"@id\":\"https:\/\/fit-training.ch\/index.php\/about\/ueber-mich\/#primaryimage\"},\"datePublished\":\"2020-09-14T20:09:33+00:00\",\"dateModified\":\"2024-07-03T11:31:48+00:00\",\"breadcrumb\":{\"@id\":\"https:\/\/fit-training.ch\/index.php\/about\/ueber-mich\/#breadcrumb\"},\"inLanguage\":\"de\",\"potentialAction\":[{\"@type\":\"ReadAction\",\"target\":[\"https:\/\/fit-training.ch\/index.php\/about\/ueber-mich\/\"]}]},{\"@type\":\"BreadcrumbList\",\"@id\":\"https:\/\/fit-training.ch\/index.php\/about\/ueber-mich\/#breadcrumb\",\"itemListElement\":[{\"@type\":\"ListItem\",\"position\":1,\"name\":\"Home\",\"item\":\"https:\/\/fit-training.ch\/\"},{\"@type\":\"ListItem\",\"position\":2,\"name\":\"About\",\"item\":\"https:\/\/fit-training.ch\/index.php\/about\/\"},{\"@type\":\"ListItem\",\"position\":3,\"name\":\"\\u00dcber mich\"}]}]}<\/script>\r\n<!-- \/ Yoast SEO plugin. -->","yoast_head_json":{"title":"\u00dcber mich - Fit-Training","robots":{"index":"index","follow":"follow","max-snippet":"max-snippet:-1","max-image-preview":"max-image-preview:large","max-video-preview":"max-video-preview:-1"},"canonical":"https:\/\/fit-training.ch\/index.php\/about\/ueber-mich\/","og_locale":"de_DE","og_type":"article","og_title":"\u00dcber mich - Fit-Training","og_description":"Portrait Mein Name ist Jsabelle Blattmann-Willi. Ich bin 1966 in Basel geboren und in M\u00fcnchenstein aufgewachsen. Nach meiner Schulzeit habe&hellip;","og_url":"https:\/\/fit-training.ch\/index.php\/about\/ueber-mich\/","og_site_name":"Fit-Training","article_modified_time":"2024-07-03T11:31:48+00:00","og_image":[{"url":"https:\/\/fit-training.ch\/wp-content\/uploads\/2020\/11\/DF9069B4-C47A-4584-A8EF-0114CA86E9F2-225x300.jpeg"}],"twitter_card":"summary_large_image","twitter_misc":{"Gesch\u00e4tzte Lesezeit":"2\u00a0Minuten"},"schema":{"@context":"https:\/\/schema.org","@graph":[{"@type":"WebSite","@id":"https:\/\/fit-training.ch\/#website","url":"https:\/\/fit-training.ch\/","name":"Fit-Training","description":"von Jsabelle Blattmann","potentialAction":[{"@type":"SearchAction","target":{"@type":"EntryPoint","urlTemplate":"https:\/\/fit-training.ch\/?s={search_term_string}"},"query-input":"required name=search_term_string"}],"inLanguage":"de"},{"@type":"ImageObject","@id":"https:\/\/fit-training.ch\/index.php\/about\/ueber-mich\/#primaryimage","inLanguage":"de","url":"https:\/\/fit-training.ch\/wp-content\/uploads\/2020\/11\/DF9069B4-C47A-4584-A8EF-0114CA86E9F2.jpeg","contentUrl":"https:\/\/fit-training.ch\/wp-content\/uploads\/2020\/11\/DF9069B4-C47A-4584-A8EF-0114CA86E9F2.jpeg","width":450,"height":600},{"@type":"WebPage","@id":"https:\/\/fit-training.ch\/index.php\/about\/ueber-mich\/#webpage","url":"https:\/\/fit-training.ch\/index.php\/about\/ueber-mich\/","name":"\u00dcber mich - Fit-Training","isPartOf":{"@id":"https:\/\/fit-training.ch\/#website"},"primaryImageOfPage":{"@id":"https:\/\/fit-training.ch\/index.php\/about\/ueber-mich\/#primaryimage"},"datePublished":"2020-09-14T20:09:33+00:00","dateModified":"2024-07-03T11:31:48+00:00","breadcrumb":{"@id":"https:\/\/fit-training.ch\/index.php\/about\/ueber-mich\/#breadcrumb"},"inLanguage":"de","potentialAction":[{"@type":"ReadAction","target":["https:\/\/fit-training.ch\/index.php\/about\/ueber-mich\/"]}]},{"@type":"BreadcrumbList","@id":"https:\/\/fit-training.ch\/index.php\/about\/ueber-mich\/#breadcrumb","itemListElement":[{"@type":"ListItem","position":1,"name":"Home","item":"https:\/\/fit-training.ch\/"},{"@type":"ListItem","position":2,"name":"About","item":"https:\/\/fit-training.ch\/index.php\/about\/"},{"@type":"ListItem","position":3,"name":"\u00dcber mich"}]}]}},"_links":{"self":[{"href":"https:\/\/fit-training.ch\/index.php\/wp-json\/wp\/v2\/pages\/75"}],"collection":[{"href":"https:\/\/fit-training.ch\/index.php\/wp-json\/wp\/v2\/pages"}],"about":[{"href":"https:\/\/fit-training.ch\/index.php\/wp-json\/wp\/v2\/types\/page"}],"author":[{"embeddable":true,"href":"https:\/\/fit-training.ch\/index.php\/wp-json\/wp\/v2\/users\/1"}],"replies":[{"embeddable":true,"href":"https:\/\/fit-training.ch\/index.php\/wp-json\/wp\/v2\/comments?post=75"}],"version-history":[{"count":26,"href":"https:\/\/fit-training.ch\/index.php\/wp-json\/wp\/v2\/pages\/75\/revisions"}],"predecessor-version":[{"id":267,"href":"https:\/\/fit-training.ch\/index.php\/wp-json\/wp\/v2\/pages\/75\/revisions\/267"}],"up":[{"embeddable":true,"href":"https:\/\/fit-training.ch\/index.php\/wp-json\/wp\/v2\/pages\/73"}],"wp:attachment":[{"href":"https:\/\/fit-training.ch\/index.php\/wp-json\/wp\/v2\/media?parent=75"}],"curies":[{"name":"wp","href":"https:\/\/api.w.org\/{rel}","templated":true}]}}